{"id":4217,"date":"2025-06-01T08:00:35","date_gmt":"2025-06-01T06:00:35","guid":{"rendered":"https:\/\/www.neotherm-consulting.com\/?page_id=4217"},"modified":"2025-10-07T11:06:08","modified_gmt":"2025-10-07T09:06:08","slug":"neolab","status":"publish","type":"page","link":"https:\/\/www.neotherm-consulting.com\/en\/neolab\/","title":{"rendered":"NeoLab"},"content":{"rendered":"<div class=\"wpb-content-wrapper\"><div class=\"vc_row wpb_row vc_row-fluid\"><div class=\"wpb_column vc_column_container vc_col-sm-12\"><div class=\"vc_column-inner\"><div class=\"wpb_wrapper\"><\/div><\/div><\/div><\/div><div class=\"vc_row wpb_row vc_row-fluid\"><div class=\"wpb_column vc_column_container vc_col-sm-12\"><div class=\"vc_column-inner\"><div class=\"wpb_wrapper\">\n\t<div  class=\"wpb_single_image wpb_content_element vc_align_center\">\n\t\t\n\t\t<figure class=\"wpb_wrapper vc_figure\">\n\t\t\t<div class=\"vc_single_image-wrapper   vc_box_border_grey\"><img fetchpriority=\"high\" decoding=\"async\" width=\"500\" height=\"100\" src=\"https:\/\/www.neotherm-consulting.com\/wp-content\/uploads\/2025\/06\/neolab-m.png\" class=\"vc_single_image-img attachment-full\" alt=\"\" title=\"neolab-m\" srcset=\"https:\/\/www.neotherm-consulting.com\/wp-content\/uploads\/2025\/06\/neolab-m.png 500w, https:\/\/www.neotherm-consulting.com\/wp-content\/uploads\/2025\/06\/neolab-m-300x60.png 300w, https:\/\/www.neotherm-consulting.com\/wp-content\/uploads\/2025\/06\/neolab-m-18x4.png 18w\" sizes=\"(max-width: 500px) 100vw, 500px\"  data-dt-location=\"https:\/\/www.neotherm-consulting.com\/en\/neolab\/neolab-m\/\" \/><\/div>\n\t\t<\/figure>\n\t<\/div>\n<\/div><\/div><\/div><\/div><div class=\"vc_row wpb_row vc_row-fluid\"><div class=\"wpb_column vc_column_container vc_col-sm-12\"><div class=\"vc_column-inner\"><div class=\"wpb_wrapper\">\n\t<div class=\"wpb_text_column wpb_content_element\" >\n\t\t<div class=\"wpb_wrapper\">\n\t\t\t<h2 style=\"text-align: center;\"><span style=\"color: #9ab3d6;\"><strong>PropanHex Bench<\/strong><\/span><\/h2>\n<h4 style=\"text-align: center;\">Test bench for two-phase heat exchanger<\/h4>\n\n\t\t<\/div>\n\t<\/div>\n<\/div><\/div><\/div><\/div><div class=\"vc_row wpb_row vc_row-fluid vc_custom_1750861266378\"><div class=\"wpb_column vc_column_container vc_col-sm-8\"><div class=\"vc_column-inner\"><div class=\"wpb_wrapper\">\n\t<div class=\"wpb_text_column wpb_content_element\" >\n\t\t<div class=\"wpb_wrapper\">\n\t\t\t<div id=\"presentation\"><\/div>\n\n\t\t<\/div>\n\t<\/div>\n<div id=\"ultimate-heading-35669e1d52e5f6b8\" class=\"uvc-heading ult-adjust-bottom-margin ultimate-heading-35669e1d52e5f6b8 uvc-9518  uvc-heading-default-font-sizes\" data-hspacer=\"no_spacer\"  data-halign=\"left\" style=\"text-align:left\"><div class=\"uvc-heading-spacer no_spacer\" style=\"top\"><\/div><div class=\"uvc-main-heading ult-responsive\"  data-ultimate-target='.uvc-heading.ultimate-heading-35669e1d52e5f6b8 h4'  data-responsive-json-new='{\"font-size\":\"\",\"line-height\":\"\"}' ><h4 style=\"--font-weight:theme;color:#9AB3D6;\">Presentation<\/h4><\/div><\/div>\n\t<div class=\"wpb_text_column wpb_content_element\" >\n\t\t<div class=\"wpb_wrapper\">\n\t\t\t<p style=\"text-align: justify;\">Discover the <strong>NeoLab PropanHex Bench<\/strong>, NeoTherm Consulting's first test bench, installed in our new office in Saint-Baldoph, specially dedicated to thermal testing and named <strong>NeoLab<\/strong>. This test bench is designed to test and evaluate heat exchangers. It consists of an R290 refrigeration cycle with two hot\/cold storage tanks and offers advanced features for analysis of your heat exchangers.<\/p>\n\n\t\t<\/div>\n\t<\/div>\n<\/div><\/div><\/div><div class=\"wpb_column vc_column_container vc_col-sm-4\"><div class=\"vc_column-inner\"><div class=\"wpb_wrapper\">\n\t<div  class=\"wpb_single_image wpb_content_element vc_align_center\">\n\t\t\n\t\t<figure class=\"wpb_wrapper vc_figure\">\n\t\t\t<div class=\"vc_single_image-wrapper   vc_box_border_grey\"><img decoding=\"async\" class=\"vc_single_image-img\" src=\"https:\/\/www.neotherm-consulting.com\/wp-content\/uploads\/2025\/06\/nl1-300x381.jpg\" width=\"300\" height=\"381\" alt=\"nl1\" title=\"nl1\"  data-dt-location=\"https:\/\/www.neotherm-consulting.com\/en\/neolab\/nl1\/\" \/><\/div>\n\t\t<\/figure>\n\t<\/div>\n<\/div><\/div><\/div><\/div><div class=\"vc_row wpb_row vc_row-fluid vc_custom_1750862047951\"><div class=\"wpb_column vc_column_container vc_col-sm-12\"><div class=\"vc_column-inner\"><div class=\"wpb_wrapper\">\n\t<div class=\"wpb_text_column wpb_content_element\" >\n\t\t<div class=\"wpb_wrapper\">\n\t\t\t<div id=\"caracles\"><\/div>\n\n\t\t<\/div>\n\t<\/div>\n<div id=\"ultimate-heading-263669e1d52e602e7\" class=\"uvc-heading ult-adjust-bottom-margin ultimate-heading-263669e1d52e602e7 uvc-8494  uvc-heading-default-font-sizes\" data-hspacer=\"no_spacer\"  data-halign=\"left\" style=\"text-align:left\"><div class=\"uvc-heading-spacer no_spacer\" style=\"top\"><\/div><div class=\"uvc-main-heading ult-responsive\"  data-ultimate-target='.uvc-heading.ultimate-heading-263669e1d52e602e7 h4'  data-responsive-json-new='{\"font-size\":\"\",\"line-height\":\"\"}' ><h4 style=\"--font-weight:theme;color:#9AB3D6;\">Key features<\/h4><\/div><\/div>\n\t<div class=\"wpb_text_column wpb_content_element\" >\n\t\t<div class=\"wpb_wrapper\">\n\t\t\t<p style=\"text-align: justify;\">The test bench can be used to characterize heat exchangers in <strong>condenser and evaporator mode for a refrigerant - R290 -<\/strong> and on the <strong>heat transfer fluid side - water or glycol water<\/strong>.<\/p>\n\n\t\t<\/div>\n\t<\/div>\n<\/div><\/div><\/div><\/div><div class=\"vc_row wpb_row vc_row-fluid vc_custom_1750778031792\"><div class=\"wpb_column vc_column_container vc_col-sm-12\"><div class=\"vc_column-inner\"><div class=\"wpb_wrapper\">\n\t<div  class=\"wpb_single_image wpb_content_element vc_align_center\">\n\t\t\n\t\t<figure class=\"wpb_wrapper vc_figure\">\n\t\t\t<div class=\"vc_single_image-wrapper   vc_box_border_grey\"><img decoding=\"async\" width=\"605\" height=\"338\" src=\"https:\/\/www.neotherm-consulting.com\/wp-content\/uploads\/2025\/09\/neolab-01.png\" class=\"vc_single_image-img attachment-full\" alt=\"\" title=\"neolab-01\" srcset=\"https:\/\/www.neotherm-consulting.com\/wp-content\/uploads\/2025\/09\/neolab-01.png 605w, https:\/\/www.neotherm-consulting.com\/wp-content\/uploads\/2025\/09\/neolab-01-300x168.png 300w, https:\/\/www.neotherm-consulting.com\/wp-content\/uploads\/2025\/09\/neolab-01-18x10.png 18w\" sizes=\"(max-width: 605px) 100vw, 605px\"  data-dt-location=\"https:\/\/www.neotherm-consulting.com\/en\/neolab\/neolab-01\/\" \/><\/div>\n\t\t<\/figure>\n\t<\/div>\n\n\t<div class=\"wpb_text_column wpb_content_element\" >\n\t\t<div class=\"wpb_wrapper\">\n\t\t\t<h6 style=\"text-align: center;\"><em>* Values at Evaporation -7\u00b0C, Condensation +50\u00b0C, Superheat of 10 K, and Subcooling of 4 K<\/em><br \/>\n<em>** According to \u0394P Heat Exchanger Test<\/em><\/h6>\n\n\t\t<\/div>\n\t<\/div>\n<\/div><\/div><\/div><\/div><div class=\"vc_row wpb_row vc_row-fluid\"><div class=\"wpb_column vc_column_container vc_col-sm-12\"><div class=\"vc_column-inner vc_custom_1749826735108\"><div class=\"wpb_wrapper\">\n\t<div class=\"wpb_text_column wpb_content_element\" >\n\t\t<div class=\"wpb_wrapper\">\n\t\t\t<p style=\"text-align: justify;\" class=\"translation-block\"><strong>R290 (Propane)<\/strong>, is part of the future of refrigerants due to its high energy efficiency, low environmental impact, and safety when handled properly.<\/p>\n<p style=\"text-align: justify;\" class=\"translation-block\">By using <strong>water<\/strong> or <strong>glycol water<\/strong> with a mass concentration ranging from <strong>5% to 30%<\/strong>, our test bench can be adapted to different configurations for tests tailored to your specific needs.<\/p>\n\n\t\t<\/div>\n\t<\/div>\n<\/div><\/div><\/div><\/div><div class=\"vc_row wpb_row vc_row-fluid vc_custom_1750862294030\"><div class=\"wpb_column vc_column_container vc_col-sm-12\"><div class=\"vc_column-inner vc_custom_1749826911649\"><div class=\"wpb_wrapper\">\n\t<div class=\"wpb_text_column wpb_content_element\" >\n\t\t<div class=\"wpb_wrapper\">\n\t\t\t<div id=\"applications\"><\/div>\n\n\t\t<\/div>\n\t<\/div>\n<div id=\"ultimate-heading-520469e1d52e6177e\" class=\"uvc-heading ult-adjust-bottom-margin ultimate-heading-520469e1d52e6177e uvc-9913  uvc-heading-default-font-sizes\" data-hspacer=\"no_spacer\"  data-halign=\"left\" style=\"text-align:left\"><div class=\"uvc-heading-spacer no_spacer\" style=\"top\"><\/div><div class=\"uvc-main-heading ult-responsive\"  data-ultimate-target='.uvc-heading.ultimate-heading-520469e1d52e6177e h4'  data-responsive-json-new='{\"font-size\":\"\",\"line-height\":\"\"}' ><h4 style=\"--font-weight:theme;color:#9AB3D6;\">Applications<\/h4><\/div><\/div>\n\t<div class=\"wpb_text_column wpb_content_element\" >\n\t\t<div class=\"wpb_wrapper\">\n\t\t\t<p style=\"text-align: justify;\">Whether for the refrigeration industry, air conditioning, or other fields requiring efficient heat exchangers, our NeoLab PropanHex test bench is the ideal tool for testing, validating, and optimizing the performance of thermal systems with power ratings of up to 15 kW.<\/p>\n<ul>\n<li><strong>Advanced analysis of your exchanger\u2019s performance (standard equipment, innovative heat exchange structures)<\/strong><\/li>\n<li><strong>Verification and analysis of fluid distribution (single-phase or two-phase)<\/strong><\/li>\n<li><strong>Qualification of your equipment's performance (power, efficiency, heat transfer, pressure drop)<\/strong><\/li>\n<\/ul>\n<p style=\"text-align: justify;\">Beyond experimental testing, NeoTherm Consulting designs <strong>customized test plans<\/strong> to meet your specific needs and uses all the data collected to provide in-depth and relevant analyses.<\/p>\n<p style=\"text-align: justify;\">With this installation, NeoTherm gives you access to a detailed and rigorous characterization of your heat exchangers.<\/p>\n\n\t\t<\/div>\n\t<\/div>\n\n\t<div class=\"wpb_text_column wpb_content_element  vc_custom_1750862070794\" >\n\t\t<div class=\"wpb_wrapper\">\n\t\t\t<div id=\"metrologie\"><\/div>\n\n\t\t<\/div>\n\t<\/div>\n<div id=\"ultimate-heading-339469e1d52e618cd\" class=\"uvc-heading ult-adjust-bottom-margin ultimate-heading-339469e1d52e618cd uvc-7056  uvc-heading-default-font-sizes\" data-hspacer=\"no_spacer\"  data-halign=\"left\" style=\"text-align:left\"><div class=\"uvc-heading-spacer no_spacer\" style=\"top\"><\/div><div class=\"uvc-main-heading ult-responsive\"  data-ultimate-target='.uvc-heading.ultimate-heading-339469e1d52e618cd h4'  data-responsive-json-new='{\"font-size\":\"\",\"line-height\":\"\"}' ><h4 style=\"--font-weight:theme;color:#9AB3D6;\">Metrology and components<\/h4><\/div><\/div>\n\t<div class=\"wpb_text_column wpb_content_element\" >\n\t\t<div class=\"wpb_wrapper\">\n\t\t\t<p style=\"text-align: justify;\">Metrology plays a central role in the accuracy and reliability of the tests carried out on our test bench.<\/p>\n<p style=\"text-align: justify;\">Temperature, pressure, and pressure difference sensors are located throughout the circuits, ensuring accurate measurement of these variables and providing meticulous control across a wide range of conditions.<\/p>\n<p style=\"text-align: justify;\">Electromagnetic flow meters and a Coriolis flow meter ensure accurate and reliable measurement of flow rates, whether for heat transfer fluid or refrigerant.<\/p>\n\n\t\t<\/div>\n\t<\/div>\n<\/div><\/div><\/div><\/div><div class=\"vc_row wpb_row vc_row-fluid vc_custom_1750778015258\"><div class=\"wpb_column vc_column_container vc_col-sm-12\"><div class=\"vc_column-inner\"><div class=\"wpb_wrapper\">\n\t<div  class=\"wpb_single_image wpb_content_element vc_align_center\">\n\t\t\n\t\t<figure class=\"wpb_wrapper vc_figure\">\n\t\t\t<div class=\"vc_single_image-wrapper   vc_box_border_grey\"><img loading=\"lazy\" decoding=\"async\" class=\"vc_single_image-img\" src=\"https:\/\/www.neotherm-consulting.com\/wp-content\/uploads\/2025\/09\/neolab-02-600x169.png\" width=\"600\" height=\"169\" alt=\"neolab-02\" title=\"neolab-02\"  data-dt-location=\"https:\/\/www.neotherm-consulting.com\/en\/neolab\/neolab-02\/\" \/><\/div>\n\t\t<\/figure>\n\t<\/div>\n<\/div><\/div><\/div><\/div><div class=\"vc_row wpb_row vc_row-fluid\"><div class=\"wpb_column vc_column_container vc_col-sm-12\"><div class=\"vc_column-inner\"><div class=\"wpb_wrapper\">\n\t<div class=\"wpb_text_column wpb_content_element  vc_custom_1749827536651\" >\n\t\t<div class=\"wpb_wrapper\">\n\t\t\t<p style=\"text-align: justify;\">Our FLIR infrared camera can also be used for in-depth analyses of fluid distribution in heat exchangers.<\/p>\n\n\t\t<\/div>\n\t<\/div>\n<\/div><\/div><\/div><\/div><div class=\"vc_row wpb_row vc_row-fluid vc_custom_1750862091040\"><div class=\"wpb_column vc_column_container vc_col-sm-10\"><div class=\"vc_column-inner\"><div class=\"wpb_wrapper\">\n\t<div class=\"wpb_text_column wpb_content_element\" >\n\t\t<div class=\"wpb_wrapper\">\n\t\t\t<div id=\"install\"><\/div>\n\n\t\t<\/div>\n\t<\/div>\n<div id=\"ultimate-heading-549869e1d52e62e69\" class=\"uvc-heading ult-adjust-bottom-margin ultimate-heading-549869e1d52e62e69 uvc-2931  uvc-heading-default-font-sizes\" data-hspacer=\"no_spacer\"  data-halign=\"left\" style=\"text-align:left\"><div class=\"uvc-heading-spacer no_spacer\" style=\"top\"><\/div><div class=\"uvc-main-heading ult-responsive\"  data-ultimate-target='.uvc-heading.ultimate-heading-549869e1d52e62e69 h4'  data-responsive-json-new='{\"font-size\":\"\",\"line-height\":\"\"}' ><h4 style=\"--font-weight:theme;color:#9AB3D6;\">Installing your Heat Exchangers<\/h4><\/div><\/div>\n\t<div class=\"wpb_text_column wpb_content_element\" >\n\t\t<div class=\"wpb_wrapper\">\n\t\t\t<p style=\"text-align: justify;\">To ensure optimal installation of our customer\u2019s heat exchangers on the test bench, we have established a partnership with <a href=\"https:\/\/www.bbr-energie.fr\/wp\/\" target=\"_blank\" rel=\"noopener\"><strong>BBR Energie<\/strong><\/a>. Thanks to their expertise in thermal and energy engineering, they ensure the seamless integration of new components.<\/p>\n\n\t\t<\/div>\n\t<\/div>\n<\/div><\/div><\/div><div class=\"wpb_column vc_column_container vc_col-sm-2\"><div class=\"vc_column-inner\"><div class=\"wpb_wrapper\">\n\t<div  class=\"wpb_single_image wpb_content_element vc_align_center\">\n\t\t\n\t\t<figure class=\"wpb_wrapper vc_figure\">\n\t\t\t<a href=\"https:\/\/www.bbr-energie.fr\/\" target=\"_blank\"  class=\"vc_single_image-wrapper   vc_box_border_grey rollover\"   ><img loading=\"lazy\" decoding=\"async\" width=\"150\" height=\"150\" src=\"https:\/\/www.neotherm-consulting.com\/wp-content\/uploads\/2025\/06\/nl4-150x150.png\" class=\"vc_single_image-img attachment-thumbnail\" alt=\"\" title=\"nl4\" srcset=\"https:\/\/www.neotherm-consulting.com\/wp-content\/uploads\/2025\/06\/nl4-150x150.png 150w, https:\/\/www.neotherm-consulting.com\/wp-content\/uploads\/2025\/06\/nl4-12x12.png 12w, https:\/\/www.neotherm-consulting.com\/wp-content\/uploads\/2025\/06\/nl4.png 165w\" sizes=\"(max-width: 150px) 100vw, 150px\"  data-dt-location=\"https:\/\/www.neotherm-consulting.com\/en\/neolab\/nl4\/\" \/><\/a>\n\t\t<\/figure>\n\t<\/div>\n<\/div><\/div><\/div><\/div><div class=\"vc_row wpb_row vc_row-fluid vc_custom_1750861833577\"><div class=\"wpb_column vc_column_container vc_col-sm-12\"><div class=\"vc_column-inner\"><div class=\"wpb_wrapper\">\n\t<div class=\"wpb_text_column wpb_content_element\" >\n\t\t<div class=\"wpb_wrapper\">\n\t\t\t<div id=\"exemples\"><\/div>\n\n\t\t<\/div>\n\t<\/div>\n<div id=\"ultimate-heading-613269e1d52e63a44\" class=\"uvc-heading ult-adjust-bottom-margin ultimate-heading-613269e1d52e63a44 uvc-7328  uvc-heading-default-font-sizes\" data-hspacer=\"no_spacer\"  data-halign=\"left\" style=\"text-align:left\"><div class=\"uvc-heading-spacer no_spacer\" style=\"top\"><\/div><div class=\"uvc-main-heading ult-responsive\"  data-ultimate-target='.uvc-heading.ultimate-heading-613269e1d52e63a44 h4'  data-responsive-json-new='{\"font-size\":\"\",\"line-height\":\"\"}' ><h4 style=\"--font-weight:theme;color:#9AB3D6;\">Examples of achievements<\/h4><\/div><\/div><div class=\"standard-arrow bullet-top\"><ul>\n<li>Tests on brazed plate heat exchangers (condensation\/evaporation) for comparison with software simulation<\/li>\n<li>Tests on innovative additive manufacturing heat exchangers for performance characterization<\/li>\n<\/ul>\n<\/div><\/div><\/div><\/div><\/div>\n<\/div>","protected":false},"excerpt":{"rendered":"<p>PropanHex Bench Banc d\u2019essai pour \u00e9changeur thermique diphasique Pr\u00e9sentation D\u00e9couvrez le NeoLab PropanHex Bench, le premier banc d&rsquo;essai de NeoTherm Consulting, install\u00e9 dans nos nouveaux locaux \u00e0 Saint-Baldoph, sp\u00e9cialement d\u00e9di\u00e9 aux essais thermiques et baptis\u00e9 NeoLab. Ce banc d\u2019essai est con\u00e7u pour tester et \u00e9valuer des \u00e9changeurs thermiques. Il est constitu\u00e9 d\u2019un cycle frigorifique au&hellip;<\/p>","protected":false},"author":1,"featured_media":0,"parent":0,"menu_order":0,"comment_status":"closed","ping_status":"closed","template":"","meta":{"footnotes":""},"class_list":["post-4217","page","type-page","status-publish","hentry","description-off"],"yoast_head":"<!-- This site is optimized with the Yoast SEO plugin v27.1.1 - https:\/\/yoast.com\/product\/yoast-seo-wordpress\/ -->\n<title>NeoLab - Neotherm Consulting<\/title>\n<meta name=\"robots\" content=\"index, follow, max-snippet:-1, max-image-preview:large, max-video-preview:-1\" \/>\n<link rel=\"canonical\" href=\"https:\/\/www.neotherm-consulting.com\/en\/neolab\/\" \/>\n<meta property=\"og:locale\" content=\"en_US\" \/>\n<meta property=\"og:type\" content=\"article\" \/>\n<meta property=\"og:title\" content=\"NeoLab - Neotherm Consulting\" \/>\n<meta property=\"og:url\" content=\"https:\/\/www.neotherm-consulting.com\/en\/neolab\/\" \/>\n<meta property=\"og:site_name\" content=\"Neotherm Consulting\" \/>\n<meta property=\"article:modified_time\" content=\"2025-10-07T09:06:08+00:00\" \/>\n<meta name=\"twitter:card\" content=\"summary_large_image\" \/>\n<meta name=\"twitter:label1\" content=\"Est. reading time\" \/>\n\t<meta name=\"twitter:data1\" content=\"4 minutes\" \/>\n<script type=\"application\/ld+json\" class=\"yoast-schema-graph\">{\"@context\":\"https:\/\/schema.org\",\"@graph\":[{\"@type\":\"WebPage\",\"@id\":\"https:\/\/www.neotherm-consulting.com\/neolab\/\",\"url\":\"https:\/\/www.neotherm-consulting.com\/neolab\/\",\"name\":\"NeoLab - Neotherm Consulting\",\"isPartOf\":{\"@id\":\"https:\/\/www.neotherm-consulting.com\/#website\"},\"datePublished\":\"2025-06-01T06:00:35+00:00\",\"dateModified\":\"2025-10-07T09:06:08+00:00\",\"breadcrumb\":{\"@id\":\"https:\/\/www.neotherm-consulting.com\/neolab\/#breadcrumb\"},\"inLanguage\":\"en-US\",\"potentialAction\":[{\"@type\":\"ReadAction\",\"target\":[\"https:\/\/www.neotherm-consulting.com\/neolab\/\"]}]},{\"@type\":\"BreadcrumbList\",\"@id\":\"https:\/\/www.neotherm-consulting.com\/neolab\/#breadcrumb\",\"itemListElement\":[{\"@type\":\"ListItem\",\"position\":1,\"name\":\"Accueil\",\"item\":\"https:\/\/www.neotherm-consulting.com\/\"},{\"@type\":\"ListItem\",\"position\":2,\"name\":\"NeoLab\"}]},{\"@type\":\"WebSite\",\"@id\":\"https:\/\/www.neotherm-consulting.com\/#website\",\"url\":\"https:\/\/www.neotherm-consulting.com\/\",\"name\":\"Neotherm Consulting\",\"description\":\"Accompagnement, conseil et soutien dans vos projets d&#039;innovations en thermique industrielle\",\"potentialAction\":[{\"@type\":\"SearchAction\",\"target\":{\"@type\":\"EntryPoint\",\"urlTemplate\":\"https:\/\/www.neotherm-consulting.com\/?s={search_term_string}\"},\"query-input\":{\"@type\":\"PropertyValueSpecification\",\"valueRequired\":true,\"valueName\":\"search_term_string\"}}],\"inLanguage\":\"en-US\"}]}<\/script>\n<!-- \/ Yoast SEO plugin. -->","yoast_head_json":{"title":"NeoLab - Neotherm Consulting","robots":{"index":"index","follow":"follow","max-snippet":"max-snippet:-1","max-image-preview":"max-image-preview:large","max-video-preview":"max-video-preview:-1"},"canonical":"https:\/\/www.neotherm-consulting.com\/en\/neolab\/","og_locale":"en_US","og_type":"article","og_title":"NeoLab - Neotherm Consulting","og_url":"https:\/\/www.neotherm-consulting.com\/en\/neolab\/","og_site_name":"Neotherm Consulting","article_modified_time":"2025-10-07T09:06:08+00:00","twitter_card":"summary_large_image","twitter_misc":{"Est. reading time":"4 minutes"},"schema":{"@context":"https:\/\/schema.org","@graph":[{"@type":"WebPage","@id":"https:\/\/www.neotherm-consulting.com\/neolab\/","url":"https:\/\/www.neotherm-consulting.com\/neolab\/","name":"NeoLab - Neotherm Consulting","isPartOf":{"@id":"https:\/\/www.neotherm-consulting.com\/#website"},"datePublished":"2025-06-01T06:00:35+00:00","dateModified":"2025-10-07T09:06:08+00:00","breadcrumb":{"@id":"https:\/\/www.neotherm-consulting.com\/neolab\/#breadcrumb"},"inLanguage":"en-US","potentialAction":[{"@type":"ReadAction","target":["https:\/\/www.neotherm-consulting.com\/neolab\/"]}]},{"@type":"BreadcrumbList","@id":"https:\/\/www.neotherm-consulting.com\/neolab\/#breadcrumb","itemListElement":[{"@type":"ListItem","position":1,"name":"Accueil","item":"https:\/\/www.neotherm-consulting.com\/"},{"@type":"ListItem","position":2,"name":"NeoLab"}]},{"@type":"WebSite","@id":"https:\/\/www.neotherm-consulting.com\/#website","url":"https:\/\/www.neotherm-consulting.com\/","name":"Neotherm Consulting","description":"Accompagnement, conseil et soutien dans vos projets d&#039;innovations en thermique industrielle","potentialAction":[{"@type":"SearchAction","target":{"@type":"EntryPoint","urlTemplate":"https:\/\/www.neotherm-consulting.com\/?s={search_term_string}"},"query-input":{"@type":"PropertyValueSpecification","valueRequired":true,"valueName":"search_term_string"}}],"inLanguage":"en-US"}]}},"_links":{"self":[{"href":"https:\/\/www.neotherm-consulting.com\/en\/wp-json\/wp\/v2\/pages\/4217","targetHints":{"allow":["GET"]}}],"collection":[{"href":"https:\/\/www.neotherm-consulting.com\/en\/wp-json\/wp\/v2\/pages"}],"about":[{"href":"https:\/\/www.neotherm-consulting.com\/en\/wp-json\/wp\/v2\/types\/page"}],"author":[{"embeddable":true,"href":"https:\/\/www.neotherm-consulting.com\/en\/wp-json\/wp\/v2\/users\/1"}],"replies":[{"embeddable":true,"href":"https:\/\/www.neotherm-consulting.com\/en\/wp-json\/wp\/v2\/comments?post=4217"}],"version-history":[{"count":0,"href":"https:\/\/www.neotherm-consulting.com\/en\/wp-json\/wp\/v2\/pages\/4217\/revisions"}],"wp:attachment":[{"href":"https:\/\/www.neotherm-consulting.com\/en\/wp-json\/wp\/v2\/media?parent=4217"}],"curies":[{"name":"wp","href":"https:\/\/api.w.org\/{rel}","templated":true}]}}